{"id":142,"date":"2025-11-20T13:32:15","date_gmt":"2025-11-20T13:32:15","guid":{"rendered":"http:\/\/bridge227.qodeinteractive.com\/?page_id=142"},"modified":"2025-11-20T16:11:23","modified_gmt":"2025-11-20T16:11:23","slug":"iletisim","status":"publish","type":"page","link":"https:\/\/diyotlazer.com\/index.php\/iletisim\/","title":{"rendered":"\u0130leti\u015fim"},"content":{"rendered":"<div class=\"wpb-content-wrapper\"><p>[vc_row css_animation=&#8221;&#8221; row_type=&#8221;row&#8221; use_row_as_full_screen_section=&#8221;no&#8221; type=&#8221;full_width&#8221; angled_section=&#8221;no&#8221; text_align=&#8221;left&#8221; background_image_as_pattern=&#8221;without_pattern&#8221;][vc_column][vc_goo_maps location=&#8221;diyot lazer medikal&#8221; zoom=&#8221;17&#8243; css=&#8221;&#8221;][\/vc_column][\/vc_row][vc_row css_animation=&#8221;&#8221; row_type=&#8221;row&#8221; use_row_as_full_screen_section=&#8221;no&#8221; type=&#8221;grid&#8221; angled_section=&#8221;no&#8221; text_align=&#8221;left&#8221; background_image_as_pattern=&#8221;without_pattern&#8221; z_index=&#8221;&#8221; css=&#8221;.vc_custom_1524752264491{padding-top: 113px !important;padding-bottom: 75px !important;}&#8221;][vc_column offset=&#8221;vc_col-lg-offset-0 vc_col-lg-4 vc_col-md-offset-0 vc_col-md-12 vc_col-sm-offset-0 vc_col-xs-12&#8243;][vc_column_text css=&#8221;&#8221;]<\/p>\n<h2>\u0130leti\u015fim Bilgileri<\/h2>\n<p>[\/vc_column_text][vc_empty_space][vc_column_text css=&#8221;&#8221;]<\/p>\n<h6><span style=\"color: #0e0e0e;\">Ankara<\/span><\/h6>\n<p>[\/vc_column_text][vc_empty_space height=&#8221;10px&#8221;][vc_column_text css=&#8221;&#8221;]Kocatepe Mahallesi Bay\u0131nd\u0131r 2 Sokak No:40\/6 \u00c7ankaya<\/p>\n<p>[\/vc_column_text][vc_empty_space height=&#8221;26px&#8221;][vc_column_text css=&#8221;&#8221;]<strong>\u0130leti\u015fim Numaralar\u0131<\/strong>[\/vc_column_text][vc_empty_space height=&#8221;10px&#8221;][vc_column_text css=&#8221;&#8221;]0532 168 83 05<\/p>\n<p>Teknik Destek<\/p>\n<p>0505 940 06 06<\/p>\n<p>[\/vc_column_text][vc_empty_space][\/vc_column][vc_column offset=&#8221;vc_col-lg-offset-0 vc_col-lg-8 vc_col-md-offset-0 vc_col-md-12 vc_col-sm-offset-0 vc_col-xs-12&#8243;]\n<div class=\"wpcf7 no-js\" id=\"wpcf7-f156-o1\" lang=\"en-US\" dir=\"ltr\" data-wpcf7-id=\"156\">\n<div class=\"screen-reader-response\"><p role=\"status\" aria-live=\"polite\" aria-atomic=\"true\"><\/p> <ul><\/ul><\/div>\n<form action=\"\/index.php\/wp-json\/wp\/v2\/pages\/142#wpcf7-f156-o1\" method=\"post\" class=\"wpcf7-form init cf7_custom_style_2\" aria-label=\"Contact form\" novalidate=\"novalidate\" data-status=\"init\">\n<fieldset class=\"hidden-fields-container\"><input type=\"hidden\" name=\"_wpcf7\" value=\"156\" \/><input type=\"hidden\" name=\"_wpcf7_version\" value=\"6.1.5\" \/><input type=\"hidden\" name=\"_wpcf7_locale\" value=\"en_US\" \/><input type=\"hidden\" name=\"_wpcf7_unit_tag\" value=\"wpcf7-f156-o1\" \/><input type=\"hidden\" name=\"_wpcf7_container_post\" value=\"0\" \/><input type=\"hidden\" name=\"_wpcf7_posted_data_hash\" value=\"\" \/>\n<\/fieldset>\n<div> <span class=\"wpcf7-form-control-wrap\" data-name=\"your-name\"><input size=\"40\" maxlength=\"400\" class=\"wpcf7-form-control wpcf7-text wpcf7-validates-as-required\" aria-required=\"true\" aria-invalid=\"false\" placeholder=\"Name*\" value=\"\" type=\"text\" name=\"your-name\" \/><\/span><\/div>\n<div><span class=\"wpcf7-form-control-wrap\" data-name=\"email\"><input size=\"40\" maxlength=\"400\" class=\"wpcf7-form-control wpcf7-email wpcf7-validates-as-required wpcf7-text wpcf7-validates-as-email\" aria-required=\"true\" aria-invalid=\"false\" placeholder=\"Email Adress*\" value=\"\" type=\"email\" name=\"email\" \/><\/span><\/div>\n<div><span class=\"wpcf7-form-control-wrap\" data-name=\"your-message\"><textarea cols=\"40\" rows=\"10\" maxlength=\"2000\" class=\"wpcf7-form-control wpcf7-textarea\" aria-invalid=\"false\" placeholder=\"Text Message\" name=\"your-message\"><\/textarea><\/span><\/div> \n<input class=\"wpcf7-form-control wpcf7-submit has-spinner\" type=\"submit\" value=\"Send Message\" \/><div class=\"wpcf7-response-output\" aria-hidden=\"true\"><\/div>\n<\/form>\n<\/div>\n[\/vc_column][\/vc_row]<\/p>\n<\/div>","protected":false},"excerpt":{"rendered":"<p>[vc_row css_animation=&#8221;&#8221; row_type=&#8221;row&#8221; use_row_as_full_screen_section=&#8221;no&#8221; type=&#8221;full_width&#8221; angled_section=&#8221;no&#8221; text_align=&#8221;left&#8221; background_image_as_pattern=&#8221;without_pattern&#8221;][vc_column][vc_goo_maps location=&#8221;diyot lazer medikal&#8221; zoom=&#8221;17&#8243; css=&#8221;&#8221;][\/vc_column][\/vc_row][vc_row css_animation=&#8221;&#8221; row_type=&#8221;row&#8221; use_row_as_full_screen_section=&#8221;no&#8221; type=&#8221;grid&#8221; angled_section=&#8221;no&#8221; text_align=&#8221;left&#8221; background_image_as_pattern=&#8221;without_pattern&#8221; z_index=&#8221;&#8221; css=&#8221;.vc_custom_1524752264491{padding-top: 113px !important;padding-bottom: 75px !important;}&#8221;][vc_column offset=&#8221;vc_col-lg-offset-0 vc_col-lg-4 vc_col-md-offset-0 vc_col-md-12 vc_col-sm-offset-0 vc_col-xs-12&#8243;][vc_column_text css=&#8221;&#8221;] \u0130leti\u015fim Bilgileri [\/vc_column_text][vc_empty_space][vc_column_text css=&#8221;&#8221;] Ankara [\/vc_column_text][vc_empty_space height=&#8221;10px&#8221;][vc_column_text css=&#8221;&#8221;]Kocatepe Mahallesi Bay\u0131nd\u0131r 2 Sokak&#8230;<\/p>\n","protected":false},"author":1,"featured_media":0,"parent":0,"menu_order":0,"comment_status":"closed","ping_status":"closed","template":"full_width.php","meta":{"content-type":"","footnotes":""},"class_list":["post-142","page","type-page","status-publish","hentry"],"_links":{"self":[{"href":"https:\/\/diyotlazer.com\/index.php\/wp-json\/wp\/v2\/pages\/142","targetHints":{"allow":["GET"]}}],"collection":[{"href":"https:\/\/diyotlazer.com\/index.php\/wp-json\/wp\/v2\/pages"}],"about":[{"href":"https:\/\/diyotlazer.com\/index.php\/wp-json\/wp\/v2\/types\/page"}],"author":[{"embeddable":true,"href":"https:\/\/diyotlazer.com\/index.php\/wp-json\/wp\/v2\/users\/1"}],"replies":[{"embeddable":true,"href":"https:\/\/diyotlazer.com\/index.php\/wp-json\/wp\/v2\/comments?post=142"}],"version-history":[{"count":13,"href":"https:\/\/diyotlazer.com\/index.php\/wp-json\/wp\/v2\/pages\/142\/revisions"}],"predecessor-version":[{"id":399,"href":"https:\/\/diyotlazer.com\/index.php\/wp-json\/wp\/v2\/pages\/142\/revisions\/399"}],"wp:attachment":[{"href":"https:\/\/diyotlazer.com\/index.php\/wp-json\/wp\/v2\/media?parent=142"}],"curies":[{"name":"wp","href":"https:\/\/api.w.org\/{rel}","templated":true}]}}