{"id":77,"date":"2025-11-20T09:43:40","date_gmt":"2025-11-20T09:43:40","guid":{"rendered":"http:\/\/bridge227.qodeinteractive.com\/?page_id=77"},"modified":"2025-11-21T14:51:37","modified_gmt":"2025-11-21T14:51:37","slug":"hakkimizda","status":"publish","type":"page","link":"https:\/\/diyotlazer.com\/index.php\/hakkimizda\/","title":{"rendered":"Hakk\u0131m\u0131zda"},"content":{"rendered":"<div class=\"wpb-content-wrapper\"><p>[vc_row css_animation=&#8221;&#8221; row_type=&#8221;row&#8221; use_row_as_full_screen_section=&#8221;no&#8221; type=&#8221;grid&#8221; angled_section=&#8221;no&#8221; text_align=&#8221;left&#8221; background_image_as_pattern=&#8221;without_pattern&#8221; z_index=&#8221;&#8221; css=&#8221;.vc_custom_1524736838154{padding-top: 125px !important;padding-bottom: 125px !important;}&#8221;][vc_column offset=&#8221;vc_col-lg-offset-0 vc_col-lg-5 vc_col-md-offset-0 vc_col-md-5 vc_col-sm-offset-0 vc_col-xs-12&#8243;][qode_elements_holder number_of_columns=&#8221;one_column&#8221;][qode_elements_holder_item advanced_animations=&#8221;no&#8221; item_padding=&#8221;93px 0px 0px 0px&#8221; item_padding_1280_1440=&#8221;70px 0px 0px 0px&#8221; item_padding_1024_1280=&#8221;70px 0px 0px 0px&#8221; item_padding_768_1024=&#8221;54px 0px 0px 0px&#8221; item_padding_600_768=&#8221;0px 0px 45px 0px&#8221; item_padding_480_600=&#8221;0px 0px 50px 0px&#8221; item_padding_480=&#8221;0px 0px 50px 0px&#8221;][vc_column_text css=&#8221;&#8221;]<\/p>\n<h2>Diyot Lazer Medikal \u2013 Profesyonel Estetik Teknolojileri<\/h2>\n<p>[\/vc_column_text][vc_empty_space height=&#8221;36px&#8221;][vc_column_text css=&#8221;&#8221;]<\/p>\n<p data-start=\"153\" data-end=\"468\">Diyot Lazer Medikal olarak, g\u00fczellik merkezleri, klinikler ve hastaneler i\u00e7in en yeni nesil diode lazer, cilt bak\u0131m ve zay\u0131flama teknolojilerini T\u00fcrkiye\u2019ye kazand\u0131r\u0131yoruz. Sadece cihaz tedarik etmiyor; kurulumdan e\u011fitime, teknik servisten kullan\u0131m dan\u0131\u015fmanl\u0131\u011f\u0131na kadar her a\u015famada i\u015fletmelerin yan\u0131nda yer al\u0131yoruz.<\/p>\n<p data-start=\"470\" data-end=\"730\">Geni\u015f \u00fcr\u00fcn portf\u00f6y\u00fcm\u00fcz, 7\/24 teknik destek hizmetimiz ve uzman e\u011fitim kadromuzla, profesyonellerin daha g\u00fcvenli, h\u0131zl\u0131 ve etkili sonu\u00e7lar almas\u0131na yard\u0131mc\u0131 oluyoruz.<br data-start=\"635\" data-end=\"638\" \/><strong data-start=\"638\" data-end=\"730\">Bizim i\u00e7in ba\u015far\u0131; m\u00fc\u015fterilerimizin i\u015finde g\u00fc\u00e7lenmesi, geli\u015fmesi ve g\u00fcvenle b\u00fcy\u00fcmesidir.<\/strong><\/p>\n<p>[\/vc_column_text][vc_empty_space height=&#8221;35px&#8221;]<a  itemprop=\"url\" href=\"http:\/\/diyotlazer.com\/index.php\/iletisim\" target=\"_self\" data-hover-background-color=\"#2c2c2c\" data-hover-border-color=\"#2c2c2c\" data-hover-color=\"#ffffff\" class=\"qbutton  default\" style=\"color: #ffffff; border-color: #010101; background-color:#010101;\">\u0130leti\u015fim<\/a>[\/qode_elements_holder_item][\/qode_elements_holder][\/vc_column][vc_column offset=&#8221;vc_col-lg-offset-0 vc_col-lg-1 vc_col-md-offset-0 vc_col-md-1 vc_col-sm-offset-0 vc_col-xs-12&#8243;][\/vc_column][vc_column width=&#8221;1\/2&#8243; offset=&#8221;vc_col-lg-offset-0 vc_col-lg-6 vc_col-md-offset-0 vc_col-md-6 vc_col-sm-offset-0 vc_col-xs-12&#8243;][vc_single_image image=&#8221;251&#8243; img_size=&#8221;480&#215;477&#8243; css=&#8221;&#8221; qode_css_animation=&#8221;&#8221;][\/vc_column][\/vc_row][vc_row css_animation=&#8221;&#8221; row_type=&#8221;row&#8221; use_row_as_full_screen_section=&#8221;no&#8221; type=&#8221;full_width&#8221; angled_section=&#8221;no&#8221; text_align=&#8221;left&#8221; background_image_as_pattern=&#8221;without_pattern&#8221;][vc_column][vc_column_text]<\/p>\n<p>&nbsp;<\/p>\n<p>[\/vc_column_text][\/vc_column][\/vc_row]<\/p>\n<\/div>","protected":false},"excerpt":{"rendered":"<p>[vc_row css_animation=&#8221;&#8221; row_type=&#8221;row&#8221; use_row_as_full_screen_section=&#8221;no&#8221; type=&#8221;grid&#8221; angled_section=&#8221;no&#8221; text_align=&#8221;left&#8221; background_image_as_pattern=&#8221;without_pattern&#8221; z_index=&#8221;&#8221; css=&#8221;.vc_custom_1524736838154{padding-top: 125px !important;padding-bottom: 125px !important;}&#8221;][vc_column offset=&#8221;vc_col-lg-offset-0 vc_col-lg-5 vc_col-md-offset-0 vc_col-md-5 vc_col-sm-offset-0 vc_col-xs-12&#8243;][qode_elements_holder number_of_columns=&#8221;one_column&#8221;][qode_elements_holder_item advanced_animations=&#8221;no&#8221; item_padding=&#8221;93px 0px 0px 0px&#8221; item_padding_1280_1440=&#8221;70px 0px 0px 0px&#8221; item_padding_1024_1280=&#8221;70px 0px 0px 0px&#8221; item_padding_768_1024=&#8221;54px 0px 0px 0px&#8221; item_padding_600_768=&#8221;0px 0px 45px 0px&#8221; item_padding_480_600=&#8221;0px 0px 50px&#8230;<\/p>\n","protected":false},"author":1,"featured_media":0,"parent":0,"menu_order":0,"comment_status":"closed","ping_status":"closed","template":"full_width.php","meta":{"content-type":"","footnotes":""},"class_list":["post-77","page","type-page","status-publish","hentry"],"_links":{"self":[{"href":"https:\/\/diyotlazer.com\/index.php\/wp-json\/wp\/v2\/pages\/77","targetHints":{"allow":["GET"]}}],"collection":[{"href":"https:\/\/diyotlazer.com\/index.php\/wp-json\/wp\/v2\/pages"}],"about":[{"href":"https:\/\/diyotlazer.com\/index.php\/wp-json\/wp\/v2\/types\/page"}],"author":[{"embeddable":true,"href":"https:\/\/diyotlazer.com\/index.php\/wp-json\/wp\/v2\/users\/1"}],"replies":[{"embeddable":true,"href":"https:\/\/diyotlazer.com\/index.php\/wp-json\/wp\/v2\/comments?post=77"}],"version-history":[{"count":9,"href":"https:\/\/diyotlazer.com\/index.php\/wp-json\/wp\/v2\/pages\/77\/revisions"}],"predecessor-version":[{"id":400,"href":"https:\/\/diyotlazer.com\/index.php\/wp-json\/wp\/v2\/pages\/77\/revisions\/400"}],"wp:attachment":[{"href":"https:\/\/diyotlazer.com\/index.php\/wp-json\/wp\/v2\/media?parent=77"}],"curies":[{"name":"wp","href":"https:\/\/api.w.org\/{rel}","templated":true}]}}